{"id":83,"date":"2022-11-24T16:39:18","date_gmt":"2022-11-24T15:39:18","guid":{"rendered":"http:\/\/wordpress.localhost\/?page_id=83"},"modified":"2023-06-23T08:42:42","modified_gmt":"2023-06-23T06:42:42","slug":"colloques","status":"publish","type":"page","link":"https:\/\/www.revarrhone.org\/index.php\/colloques\/","title":{"rendered":"Colloques"},"content":{"rendered":"\n<h3 class=\"wp-block-heading\"><a href=\"https:\/\/www.revarrhone.org\/index.php\/2023\/02\/02\/les-25-ans-du-registre-18-novembre-2021-ecole-normale-superieure-de-lyon\/\" data-type=\"post\" data-id=\"1562\">Les 25 ans du Registre \u2013 18 novembre 2021 \u2013 \u00c9cole normale sup\u00e9rieure de Lyon<\/a><\/h3>\n\n\n\n<div class=\"wp-block-media-text alignwide has-media-on-the-right is-stacked-on-mobile\" style=\"grid-template-columns:auto 33%\"><div class=\"wp-block-media-text__content\">\n<p class=\"has-text-align-left\">Un quart de si\u00e8cle au service de la connaissance et de la surveillance des victimes d\u2019accidents de la circulation routi\u00e8re&nbsp;: une long\u00e9vit\u00e9 qui sugg\u00e8re l\u2019int\u00e9r\u00eat d\u2019un tel registre.<br>Ce colloque anniversaire se proposait de faire partager cette vision optimiste, que ce soit \u00e0 travers une analyse r\u00e9trospective de vingt-cinq ans de traumatologie routi\u00e8re, l\u2019\u00e9vocation de son impact international ou les t\u00e9moignages de personnalit\u00e9s d\u2019horizons vari\u00e9s qui ont trouv\u00e9 int\u00e9r\u00eat \u00e0 son exploitation.<br>Au-del\u00e0 de ce bilan, ont aussi \u00e9t\u00e9 pr\u00e9sent\u00e9s des travaux en lien avec les \u00e9volutions les plus r\u00e9centes de la mobilit\u00e9, qu\u2019il s\u2019agisse de trottinettes ou de confinement sanitaire. Sans oublier les enjeux majeurs que sont, d\u2019une part les blessures l\u00e9tales, d\u2019autre part la douleur des survivants.<br>Il n\u2019y a pas d\u2019anniversaire sans perspectives d\u2019avenir. Elles ont \u00e9t\u00e9 \u00e9voqu\u00e9es en envisageant d\u2019associer ce registre \u00e0 d\u2019autres bases de donn\u00e9es compl\u00e9mentaires, tout en s\u2019interrogeant sur la mobilit\u00e9 de demain.<\/p>\n<\/div><figure class=\"wp-block-media-text__media\"><img loading=\"lazy\" decoding=\"async\" width=\"577\" height=\"433\" src=\"https:\/\/www.revarrhone.org\/wp-content\/uploads\/2023\/02\/Carrefour-Perrache_mini-3.jpg\" alt=\"\" class=\"wp-image-1640 size-full\" srcset=\"https:\/\/www.revarrhone.org\/wp-content\/uploads\/2023\/02\/Carrefour-Perrache_mini-3.jpg 577w, https:\/\/www.revarrhone.org\/wp-content\/uploads\/2023\/02\/Carrefour-Perrache_mini-3-300x225.jpg 300w, https:\/\/www.revarrhone.org\/wp-content\/uploads\/2023\/02\/Carrefour-Perrache_mini-3-80x60.jpg 80w\" sizes=\"auto, (max-width: 577px) 100vw, 577px\" \/><\/figure><\/div>\n\n\n\n<hr class=\"wp-block-separator has-text-color has-cyan-bluish-gray-color has-alpha-channel-opacity has-cyan-bluish-gray-background-color has-background is-style-wide\"\/>\n\n\n\n<h3 class=\"wp-block-heading\"><a href=\"https:\/\/www.revarrhone.org\/index.php\/2023\/02\/02\/seminaire-orat-registre-28-novembre-2019-universite-claude-bernard-lyon-1\/\" data-type=\"post\" data-id=\"1578\">S\u00e9minaire Orat-Registre \u2013 28 novembre 2019 \u2013 Universit\u00e9 Claude Bernard Lyon 1<\/a><\/h3>\n\n\n\n<div class=\"wp-block-media-text alignwide is-stacked-on-mobile\" style=\"grid-template-columns:33% auto\"><figure class=\"wp-block-media-text__media\"><img loading=\"lazy\" decoding=\"async\" width=\"300\" height=\"300\" src=\"https:\/\/www.revarrhone.org\/wp-content\/uploads\/2023\/02\/Programme_OratRegistre_2019_Papier-1-300x300-2.jpg\" alt=\"\" class=\"wp-image-1641 size-full\" srcset=\"https:\/\/www.revarrhone.org\/wp-content\/uploads\/2023\/02\/Programme_OratRegistre_2019_Papier-1-300x300-2.jpg 300w, https:\/\/www.revarrhone.org\/wp-content\/uploads\/2023\/02\/Programme_OratRegistre_2019_Papier-1-300x300-2-150x150.jpg 150w, https:\/\/www.revarrhone.org\/wp-content\/uploads\/2023\/02\/Programme_OratRegistre_2019_Papier-1-300x300-2-60x60.jpg 60w\" sizes=\"auto, (max-width: 300px) 100vw, 300px\" \/><\/figure><div class=\"wp-block-media-text__content\">\n<p><strong>Traumatismes accidentels : Observatoire de l\u2019Ain et Registre du Rh\u00f4ne<\/strong><\/p>\n<\/div><\/div>\n\n\n\n<hr class=\"wp-block-separator has-text-color has-cyan-bluish-gray-color has-alpha-channel-opacity has-cyan-bluish-gray-background-color has-background is-style-wide\"\/>\n\n\n\n<h3 class=\"wp-block-heading\"><a href=\"https:\/\/www.revarrhone.org\/index.php\/2023\/02\/02\/journee-du-registre-18-mai-2017-ifsttar-bron\/\" data-type=\"post\" data-id=\"1582\">Journ\u00e9e du Registre \u2013 18 mai 2017 \u2013 Ifsttar Bron<\/a><\/h3>\n\n\n\n<div class=\"wp-block-media-text alignwide has-media-on-the-right is-stacked-on-mobile\" style=\"grid-template-columns:auto 33%\"><div class=\"wp-block-media-text__content\">\n<p><strong>\u00c9valuation et aide \u00e0 la d\u00e9cision en s\u00e9curit\u00e9 routi\u00e8re&nbsp;: int\u00e9r\u00eat du Registre du Rh\u00f4ne<\/strong><\/p>\n<\/div><figure class=\"wp-block-media-text__media\"><img loading=\"lazy\" decoding=\"async\" width=\"913\" height=\"547\" src=\"https:\/\/www.revarrhone.org\/wp-content\/uploads\/2023\/02\/nuage_registre_1couleur_01-1.png\" alt=\"\" class=\"wp-image-1642 size-full\" srcset=\"https:\/\/www.revarrhone.org\/wp-content\/uploads\/2023\/02\/nuage_registre_1couleur_01-1.png 913w, https:\/\/www.revarrhone.org\/wp-content\/uploads\/2023\/02\/nuage_registre_1couleur_01-1-300x180.png 300w, https:\/\/www.revarrhone.org\/wp-content\/uploads\/2023\/02\/nuage_registre_1couleur_01-1-768x460.png 768w, https:\/\/www.revarrhone.org\/wp-content\/uploads\/2023\/02\/nuage_registre_1couleur_01-1-100x60.png 100w\" sizes=\"auto, (max-width: 913px) 100vw, 913px\" \/><\/figure><\/div>\n\n\n\n<hr class=\"wp-block-separator has-text-color has-cyan-bluish-gray-color has-alpha-channel-opacity has-cyan-bluish-gray-background-color has-background is-style-wide\"\/>\n\n\n\n<h3 class=\"wp-block-heading\"><a href=\"https:\/\/www.revarrhone.org\/index.php\/2023\/02\/02\/journee-scientifique-des-20-ans-du-registre-le-14-octobre-2015\/\" data-type=\"post\" data-id=\"1602\">Journ\u00e9e scientifique des 20 ans du Registre le 14 octobre 2015<br><\/a><\/h3>\n\n\n\n<div class=\"wp-block-media-text alignwide is-stacked-on-mobile\" style=\"grid-template-columns:33% auto\"><figure class=\"wp-block-media-text__media\"><img loading=\"lazy\" decoding=\"async\" width=\"280\" height=\"300\" src=\"https:\/\/www.revarrhone.org\/wp-content\/uploads\/2023\/02\/decennies_ifsttar-logo-bron_paca-registre-hd-280x300-2.jpg\" alt=\"\" class=\"wp-image-1643 size-full\" srcset=\"https:\/\/www.revarrhone.org\/wp-content\/uploads\/2023\/02\/decennies_ifsttar-logo-bron_paca-registre-hd-280x300-2.jpg 280w, https:\/\/www.revarrhone.org\/wp-content\/uploads\/2023\/02\/decennies_ifsttar-logo-bron_paca-registre-hd-280x300-2-56x60.jpg 56w\" sizes=\"auto, (max-width: 280px) 100vw, 280px\" \/><\/figure><div class=\"wp-block-media-text__content\">\n<p><strong><em>A l\u2019occasion des 20 ans du Registre, l\u2019Ifsttar, l\u2019Umrestte et l\u2019Arvac ont coorganis\u00e9 le 14 octobre 2015, un colloque r\u00e9unissant des scientifiques, des chercheurs, des cliniciens, des d\u00e9cideurs et acteurs en s\u00e9curit\u00e9 routi\u00e8re, pour une journ\u00e9e scientifique riche en \u00e9changes.<\/em><\/strong><\/p>\n<\/div><\/div>\n\n\n\n<hr class=\"wp-block-separator has-text-color has-cyan-bluish-gray-color has-alpha-channel-opacity has-cyan-bluish-gray-background-color has-background is-style-wide\"\/>\n\n\n\n<h3 class=\"wp-block-heading\"><a href=\"https:\/\/www.revarrhone.org\/index.php\/2023\/02\/02\/symposium-satellite-arvac-ectes-2013\/\" data-type=\"post\" data-id=\"1605\">Symposium Satellite Arvac \u2013 Ectes 2013<\/a><\/h3>\n\n\n\n<div class=\"wp-block-media-text alignwide has-media-on-the-right is-stacked-on-mobile\" style=\"grid-template-columns:auto 33%\"><div class=\"wp-block-media-text__content\">\n<p>14th European Congress of&nbsp; Trauma &amp; Emergency Surgery (ECTES)<br>May 4-7, 2013&nbsp; \u2013 Cit\u00e9 des Congr\u00e8s Lyon, France<\/p>\n<\/div><figure class=\"wp-block-media-text__media\"><img loading=\"lazy\" decoding=\"async\" width=\"885\" height=\"349\" src=\"https:\/\/www.revarrhone.org\/wp-content\/uploads\/2023\/02\/entete-site-ectes2013-1.jpg\" alt=\"\" class=\"wp-image-1644 size-full\" srcset=\"https:\/\/www.revarrhone.org\/wp-content\/uploads\/2023\/02\/entete-site-ectes2013-1.jpg 885w, https:\/\/www.revarrhone.org\/wp-content\/uploads\/2023\/02\/entete-site-ectes2013-1-300x118.jpg 300w, https:\/\/www.revarrhone.org\/wp-content\/uploads\/2023\/02\/entete-site-ectes2013-1-768x303.jpg 768w, https:\/\/www.revarrhone.org\/wp-content\/uploads\/2023\/02\/entete-site-ectes2013-1-152x60.jpg 152w\" sizes=\"auto, (max-width: 885px) 100vw, 885px\" \/><\/figure><\/div>\n\n\n\n<hr class=\"wp-block-separator has-text-color has-cyan-bluish-gray-color has-alpha-channel-opacity has-cyan-bluish-gray-background-color has-background is-style-wide\"\/>\n\n\n\n<h3 class=\"wp-block-heading\"><a href=\"https:\/\/www.revarrhone.org\/index.php\/2023\/02\/02\/1er-colloque-du-registre-lyon-le-19-mars-2009\/\" data-type=\"post\" data-id=\"1609\">1er COLLOQUE DU REGISTRE \u2013 Lyon le 19 mars 2009<\/a><\/h3>\n","protected":false},"excerpt":{"rendered":"<p>Les 25 ans du Registre \u2013 18 novembre 2021 \u2013 \u00c9cole normale sup\u00e9rieure de Lyon Un quart de si\u00e8cle au service de la connaissance et de la surveillance des victimes d\u2019accidents de la circulation routi\u00e8re&nbsp;: une long\u00e9vit\u00e9 qui sugg\u00e8re l\u2019int\u00e9r\u00eat &hellip; <\/p>\n","protected":false},"author":1,"featured_media":0,"parent":0,"menu_order":0,"comment_status":"closed","ping_status":"closed","template":"","meta":{"footnotes":""},"class_list":["post-83","page","type-page","status-publish","hentry","latest_post"],"_links":{"self":[{"href":"https:\/\/www.revarrhone.org\/index.php\/wp-json\/wp\/v2\/pages\/83","targetHints":{"allow":["GET"]}}],"collection":[{"href":"https:\/\/www.revarrhone.org\/index.php\/wp-json\/wp\/v2\/pages"}],"about":[{"href":"https:\/\/www.revarrhone.org\/index.php\/wp-json\/wp\/v2\/types\/page"}],"author":[{"embeddable":true,"href":"https:\/\/www.revarrhone.org\/index.php\/wp-json\/wp\/v2\/users\/1"}],"replies":[{"embeddable":true,"href":"https:\/\/www.revarrhone.org\/index.php\/wp-json\/wp\/v2\/comments?post=83"}],"version-history":[{"count":13,"href":"https:\/\/www.revarrhone.org\/index.php\/wp-json\/wp\/v2\/pages\/83\/revisions"}],"predecessor-version":[{"id":2239,"href":"https:\/\/www.revarrhone.org\/index.php\/wp-json\/wp\/v2\/pages\/83\/revisions\/2239"}],"wp:attachment":[{"href":"https:\/\/www.revarrhone.org\/index.php\/wp-json\/wp\/v2\/media?parent=83"}],"curies":[{"name":"wp","href":"https:\/\/api.w.org\/{rel}","templated":true}]}}