{"id":56,"date":"2022-11-24T16:25:56","date_gmt":"2022-11-24T15:25:56","guid":{"rendered":"http:\/\/wordpress.localhost\/?page_id=56"},"modified":"2023-03-30T09:26:11","modified_gmt":"2023-03-30T07:26:11","slug":"le-reseau","status":"publish","type":"page","link":"https:\/\/www.revarrhone.org\/index.php\/le-reseau\/","title":{"rendered":"Le r\u00e9seau &#8211; sources d&rsquo;identification des cas"},"content":{"rendered":"\t\t<div data-elementor-type=\"wp-page\" data-elementor-id=\"56\" class=\"elementor elementor-56\">\n\t\t\t\t\t\t\t\t\t<section class=\"elementor-section elementor-top-section elementor-element elementor-element-98d8db6 elementor-section-boxed elementor-section-height-default elementor-section-height-default\" data-id=\"98d8db6\" data-element_type=\"section\">\n\t\t\t\t\t\t<div class=\"elementor-container elementor-column-gap-default\">\n\t\t\t\t\t<div class=\"elementor-column elementor-col-100 elementor-top-column elementor-element elementor-element-e7e6ea9\" data-id=\"e7e6ea9\" data-element_type=\"column\">\n\t\t\t<div class=\"elementor-widget-wrap elementor-element-populated\">\n\t\t\t\t\t\t\t\t<div class=\"elementor-element elementor-element-4bc674a elementor-widget elementor-widget-text-editor\" data-id=\"4bc674a\" data-element_type=\"widget\" data-widget_type=\"text-editor.default\">\n\t\t\t\t<div class=\"elementor-widget-container\">\n\t\t\t<style>\/*! elementor - v3.17.0 - 01-11-2023 *\/\n.elementor-widget-text-editor.elementor-drop-cap-view-stacked .elementor-drop-cap{background-color:#69727d;color:#fff}.elementor-widget-text-editor.elementor-drop-cap-view-framed .elementor-drop-cap{color:#69727d;border:3px solid;background-color:transparent}.elementor-widget-text-editor:not(.elementor-drop-cap-view-default) .elementor-drop-cap{margin-top:8px}.elementor-widget-text-editor:not(.elementor-drop-cap-view-default) .elementor-drop-cap-letter{width:1em;height:1em}.elementor-widget-text-editor .elementor-drop-cap{float:left;text-align:center;line-height:1;font-size:50px}.elementor-widget-text-editor .elementor-drop-cap-letter{display:inline-block}<\/style>\t\t\t\t<p>Les sources sont multiples et proviennent principalement des diff\u00e9rentes structures sanitaires prenant en charge les bless\u00e9s de la route. Ce sont tous les h\u00f4pitaux priv\u00e9s ou publics du d\u00e9partement ainsi que des zones limitrophes \u00e0 celui-ci, susceptibles de prendre en charge des bless\u00e9s de la route. Ce dispositif compte actuellement 245 services de soins, de la prise en charge pr\u00e9-hospitali\u00e8re aux services de r\u00e9adaptation fonctionnelle. Les unit\u00e9s hospitali\u00e8res de m\u00e9decine l\u00e9gale participent \u00e9galement au recueil pour les victimes d\u00e9c\u00e9d\u00e9es.<\/p>\t\t\t\t\t\t<\/div>\n\t\t\t\t<\/div>\n\t\t\t\t\t<\/div>\n\t\t<\/div>\n\t\t\t\t\t\t\t<\/div>\n\t\t<\/section>\n\t\t\t\t<section class=\"elementor-section elementor-top-section elementor-element elementor-element-7a6f9f4 elementor-section-boxed elementor-section-height-default elementor-section-height-default\" data-id=\"7a6f9f4\" data-element_type=\"section\">\n\t\t\t\t\t\t<div class=\"elementor-container elementor-column-gap-default\">\n\t\t\t\t\t<div class=\"elementor-column elementor-col-100 elementor-top-column elementor-element elementor-element-0be1ff0\" data-id=\"0be1ff0\" data-element_type=\"column\">\n\t\t\t<div class=\"elementor-widget-wrap elementor-element-populated\">\n\t\t\t\t\t\t\t\t<div class=\"elementor-element elementor-element-7551da8 elementor-widget elementor-widget-osm-map-elementor\" data-id=\"7551da8\" data-element_type=\"widget\" data-widget_type=\"osm-map-elementor.default\">\n\t\t\t\t<div class=\"elementor-widget-container\">\n\t\t\t<div id=\"osm-map-7551da8\" \n        class=\"osm-map-container\" \n        data-center=\"45.692704328244,4.8850524705686\"><\/div>        <script type=\"text\/javascript\">\n                    <\/script>\n        \t\t<\/div>\n\t\t\t\t<\/div>\n\t\t\t\t\t<\/div>\n\t\t<\/div>\n\t\t\t\t\t\t\t<\/div>\n\t\t<\/section>\n\t\t\t\t\t\t\t<\/div>\n\t\t","protected":false},"excerpt":{"rendered":"<p>Les sources sont multiples et proviennent principalement des diff\u00e9rentes structures sanitaires prenant en charge les bless\u00e9s de la route. Ce sont tous les h\u00f4pitaux priv\u00e9s ou publics du d\u00e9partement ainsi que des zones limitrophes \u00e0 celui-ci, susceptibles de prendre en &hellip; <\/p>\n","protected":false},"author":1,"featured_media":0,"parent":0,"menu_order":0,"comment_status":"closed","ping_status":"closed","template":"","meta":{"footnotes":""},"class_list":["post-56","page","type-page","status-publish","hentry","latest_post"],"_links":{"self":[{"href":"https:\/\/www.revarrhone.org\/index.php\/wp-json\/wp\/v2\/pages\/56","targetHints":{"allow":["GET"]}}],"collection":[{"href":"https:\/\/www.revarrhone.org\/index.php\/wp-json\/wp\/v2\/pages"}],"about":[{"href":"https:\/\/www.revarrhone.org\/index.php\/wp-json\/wp\/v2\/types\/page"}],"author":[{"embeddable":true,"href":"https:\/\/www.revarrhone.org\/index.php\/wp-json\/wp\/v2\/users\/1"}],"replies":[{"embeddable":true,"href":"https:\/\/www.revarrhone.org\/index.php\/wp-json\/wp\/v2\/comments?post=56"}],"version-history":[{"count":201,"href":"https:\/\/www.revarrhone.org\/index.php\/wp-json\/wp\/v2\/pages\/56\/revisions"}],"predecessor-version":[{"id":2164,"href":"https:\/\/www.revarrhone.org\/index.php\/wp-json\/wp\/v2\/pages\/56\/revisions\/2164"}],"wp:attachment":[{"href":"https:\/\/www.revarrhone.org\/index.php\/wp-json\/wp\/v2\/media?parent=56"}],"curies":[{"name":"wp","href":"https:\/\/api.w.org\/{rel}","templated":true}]}}