{"id":34,"date":"2022-11-24T15:55:00","date_gmt":"2022-11-24T14:55:00","guid":{"rendered":"http:\/\/wordpress.localhost\/?p=34"},"modified":"2024-10-25T16:57:28","modified_gmt":"2024-10-25T14:57:28","slug":"le-traitement-et-la-saisie-des-fiches","status":"publish","type":"page","link":"https:\/\/www.revarrhone.org\/index.php\/le-traitement-et-la-saisie-des-fiches\/","title":{"rendered":"Le traitement et la saisie des fiches"},"content":{"rendered":"\n<div class=\"wp-block-columns is-layout-flex wp-container-core-columns-is-layout-9d6595d7 wp-block-columns-is-layout-flex\">\n<div class=\"wp-block-column is-layout-flow wp-block-column-is-layout-flow\" style=\"flex-basis:20%\"><nav style=\"background-color: #dfdcdc;\" class=\"has-text-color has-black-color has-background has-small-font-size is-responsive wp-block-navigation is-layout-flex wp-block-navigation-is-layout-flex\" aria-label=\"Principes\" \n\t\t data-wp-interactive=\"core\/navigation\" data-wp-context='{\"overlayOpenedBy\":{\"click\":false,\"hover\":false,\"focus\":false},\"type\":\"overlay\",\"roleAttribute\":\"\",\"ariaLabel\":\"Menu\"}'><button aria-haspopup=\"dialog\" aria-label=\"Ouvrir le menu\" class=\"wp-block-navigation__responsive-container-open\" \n\t\t\t\tdata-wp-on--click=\"actions.openMenuOnClick\"\n\t\t\t\tdata-wp-on--keydown=\"actions.handleMenuKeydown\"\n\t\t\t><svg width=\"24\" height=\"24\" xmlns=\"http:\/\/www.w3.org\/2000\/svg\" viewBox=\"0 0 24 24\" aria-hidden=\"true\" focusable=\"false\"><path d=\"M4 7.5h16v1.5H4z\"><\/path><path d=\"M4 15h16v1.5H4z\"><\/path><\/svg><\/button>\n\t\t\t\t<div class=\"wp-block-navigation__responsive-container\"  id=\"modal-1\" \n\t\t\t\tdata-wp-class--has-modal-open=\"state.isMenuOpen\"\n\t\t\t\tdata-wp-class--is-menu-open=\"state.isMenuOpen\"\n\t\t\t\tdata-wp-watch=\"callbacks.initMenu\"\n\t\t\t\tdata-wp-on--keydown=\"actions.handleMenuKeydown\"\n\t\t\t\tdata-wp-on--focusout=\"actions.handleMenuFocusout\"\n\t\t\t\ttabindex=\"-1\"\n\t\t\t>\n\t\t\t\t\t<div class=\"wp-block-navigation__responsive-close\" tabindex=\"-1\">\n\t\t\t\t\t\t<div class=\"wp-block-navigation__responsive-dialog\" \n\t\t\t\tdata-wp-bind--aria-modal=\"state.ariaModal\"\n\t\t\t\tdata-wp-bind--aria-label=\"state.ariaLabel\"\n\t\t\t\tdata-wp-bind--role=\"state.roleAttribute\"\n\t\t\t>\n\t\t\t\t\t\t\t<button aria-label=\"Fermer le menu\" class=\"wp-block-navigation__responsive-container-close\" \n\t\t\t\tdata-wp-on--click=\"actions.closeMenuOnClick\"\n\t\t\t><svg xmlns=\"http:\/\/www.w3.org\/2000\/svg\" viewBox=\"0 0 24 24\" width=\"24\" height=\"24\" aria-hidden=\"true\" focusable=\"false\"><path d=\"m13.06 12 6.47-6.47-1.06-1.06L12 10.94 5.53 4.47 4.47 5.53 10.94 12l-6.47 6.47 1.06 1.06L12 13.06l6.47 6.47 1.06-1.06L13.06 12Z\"><\/path><\/svg><\/button>\n\t\t\t\t\t\t\t<div class=\"wp-block-navigation__responsive-container-content\" \n\t\t\t\tdata-wp-watch=\"callbacks.focusFirstElement\"\n\t\t\t id=\"modal-1-content\">\n\t\t\t\t\t\t\t\t<ul style=\"background-color: #dfdcdc;\" class=\"wp-block-navigation__container has-text-color has-black-color has-background has-small-font-size is-responsive wp-block-navigation has-small-font-size\"><li class=\"has-small-font-size wp-block-navigation-item wp-block-navigation-link\"><a class=\"wp-block-navigation-item__content\"  href=\"https:\/\/www.revarrhone.org\/index.php\/le-dispositif-de-recueil\/\"><span class=\"wp-block-navigation-item__label\">Le dispositif de recueil<\/span><\/a><\/li><li class=\"has-small-font-size wp-block-navigation-item wp-block-navigation-link\"><a class=\"wp-block-navigation-item__content\"  href=\"https:\/\/www.revarrhone.org\/index.php\/les-donnees-recueillies\/\"><span class=\"wp-block-navigation-item__label\">Les donn\u00e9es recueillies<\/span><\/a><\/li><li class=\"has-small-font-size wp-block-navigation-item wp-block-navigation-link\"><a class=\"wp-block-navigation-item__content\"  href=\"https:\/\/www.revarrhone.org\/index.php\/le-suivi-des-blesses-dans-leur-parcours-hospitalier\/\"><span class=\"wp-block-navigation-item__label\">Le suivi des bless\u00e9s dans leur parcours hospitalier<\/span><\/a><\/li><li class=\"has-small-font-size wp-block-navigation-item wp-block-navigation-link\"><a class=\"wp-block-navigation-item__content\"  href=\"https:\/\/www.revarrhone.org\/index.php\/les-victimes-decedees\/\"><span class=\"wp-block-navigation-item__label\">Les victimes d\u00e9c\u00e9d\u00e9es<\/span><\/a><\/li><li class=\"has-small-font-size wp-block-navigation-item wp-block-navigation-link\"><a class=\"wp-block-navigation-item__content\"  href=\"https:\/\/www.revarrhone.org\/index.php\/le-traitement-et-la-saisie-des-fiches\/\"><span class=\"wp-block-navigation-item__label\"><strong>Le traitement et la saisie des fiches<\/strong><\/span><\/a><\/li><li class=\"has-small-font-size wp-block-navigation-item wp-block-navigation-link\"><a class=\"wp-block-navigation-item__content\"  href=\"https:\/\/www.revarrhone.org\/index.php\/autres-sources-de-recueil\/\"><span class=\"wp-block-navigation-item__label\">Autres sources de recueil<\/span><\/a><\/li><li class=\"has-small-font-size wp-block-navigation-item wp-block-navigation-link\"><a class=\"wp-block-navigation-item__content\"  href=\"https:\/\/www.revarrhone.org\/index.php\/confidentialite\/\"><span class=\"wp-block-navigation-item__label\">Confidentialit\u00e9<\/span><\/a><\/li><li class=\"has-small-font-size wp-block-navigation-item wp-block-navigation-link\"><a class=\"wp-block-navigation-item__content\"  href=\"https:\/\/www.revarrhone.org\/index.php\/utilisation-des-donnees\/\"><span class=\"wp-block-navigation-item__label\">Utilisation des donn\u00e9es<\/span><\/a><\/li><\/ul>\n\t\t\t\t\t\t\t<\/div>\n\t\t\t\t\t\t<\/div>\n\t\t\t\t\t<\/div>\n\t\t\t\t<\/div><\/nav><\/div>\n\n\n\n<div class=\"wp-block-column is-layout-flow wp-block-column-is-layout-flow\" style=\"flex-basis:66.66%\">\n<p>Les fiches sont class\u00e9es par service. L\u2019\u00e9quipe charg\u00e9e de la saisie des donn\u00e9es recherche sur chaque fiche les informations manquantes ou erron\u00e9es. C\u2019est au moment de la saisie que les diff\u00e9rentes fiches concernant la m\u00eame victime sont regroup\u00e9es sous le m\u00eame identifiant.<\/p>\n\n\n\n<p>Ces op\u00e9rations de recoupement, codage, v\u00e9rification et saisie n\u00e9cessitent rigueur et efficacit\u00e9 pour une qualit\u00e9 optimale des donn\u00e9es.<\/p>\n\n\n\n<p>Pour le bless\u00e9 hospitalis\u00e9, le classement chronologique de \u201cses\u201d fiches permet de reconstituer le cha\u00eenage de son parcours \u00e0 travers les diff\u00e9rentes unit\u00e9s de soins.<br>Ces sources multiples de donn\u00e9es individuelles confirment l\u2019exactitude des donn\u00e9es, mais aussi permettent de r\u00e9cup\u00e9rer des donn\u00e9es compl\u00e9mentaires.<\/p>\n\n\n\n<p>Les informations concernant la victime et son accident sont ensuite saisies, cod\u00e9es, informatis\u00e9es\u00a0; les donn\u00e9es m\u00e9dicales sont cod\u00e9es par le m\u00e9decin du Registre selon la classification de l\u2019Abbreviated Injury Scale (AIS) version 2005 r\u00e9vision 2008, apr\u00e8s recoupement d\u2019une source \u00e0 l\u2019autre.<\/p>\n\n\n\n<p>Les l\u00e9sions cod\u00e9es sont la synth\u00e8se des informations d\u00e9crites en clair \u00e0 partir des observations m\u00e9dicales provenant de diff\u00e9rents services.<\/p>\n\n\n\n<p>Chaque ann\u00e9e les donn\u00e9es font l\u2019objet d\u2019une proc\u00e9dure de validation.<\/p>\n<\/div>\n<\/div>\n\n\n\n<p><\/p>\n","protected":false},"excerpt":{"rendered":"<p>Les fiches sont class\u00e9es par service. L\u2019\u00e9quipe charg\u00e9e de la saisie des donn\u00e9es recherche sur chaque fiche les informations manquantes ou erron\u00e9es. C\u2019est au moment de la saisie que les diff\u00e9rentes fiches concernant la m\u00eame victime sont regroup\u00e9es sous le &hellip; <\/p>\n","protected":false},"author":1,"featured_media":0,"parent":0,"menu_order":0,"comment_status":"open","ping_status":"open","template":"","meta":{"footnotes":""},"class_list":["post-34","page","type-page","status-publish","hentry","latest_post"],"_links":{"self":[{"href":"https:\/\/www.revarrhone.org\/index.php\/wp-json\/wp\/v2\/pages\/34","targetHints":{"allow":["GET"]}}],"collection":[{"href":"https:\/\/www.revarrhone.org\/index.php\/wp-json\/wp\/v2\/pages"}],"about":[{"href":"https:\/\/www.revarrhone.org\/index.php\/wp-json\/wp\/v2\/types\/page"}],"author":[{"embeddable":true,"href":"https:\/\/www.revarrhone.org\/index.php\/wp-json\/wp\/v2\/users\/1"}],"replies":[{"embeddable":true,"href":"https:\/\/www.revarrhone.org\/index.php\/wp-json\/wp\/v2\/comments?post=34"}],"version-history":[{"count":14,"href":"https:\/\/www.revarrhone.org\/index.php\/wp-json\/wp\/v2\/pages\/34\/revisions"}],"predecessor-version":[{"id":2400,"href":"https:\/\/www.revarrhone.org\/index.php\/wp-json\/wp\/v2\/pages\/34\/revisions\/2400"}],"wp:attachment":[{"href":"https:\/\/www.revarrhone.org\/index.php\/wp-json\/wp\/v2\/media?parent=34"}],"curies":[{"name":"wp","href":"https:\/\/api.w.org\/{rel}","templated":true}]}}