{"id":2477,"date":"2026-03-23T13:48:24","date_gmt":"2026-03-23T12:48:24","guid":{"rendered":"https:\/\/www.revarrhone.org\/?page_id=2477"},"modified":"2026-03-30T17:34:24","modified_gmt":"2026-03-30T15:34:24","slug":"le-registre-du-rhone-en-images","status":"publish","type":"page","link":"https:\/\/www.revarrhone.org\/index.php\/le-registre-du-rhone-en-images\/","title":{"rendered":"Le Registre en images"},"content":{"rendered":"\n<h5 class=\"wp-block-heading\">Nous avons le plaisir de vous pr\u00e9senter la vid\u00e9o du Registre&nbsp;:<\/h5>\n\n\n\n<h4 class=\"wp-block-heading has-text-align-center\">\u00ab Mieux conna\u00eetre pour mieux pr\u00e9venir&nbsp;\u00bb<\/h4>\n\n\n\n<h5 class=\"wp-block-heading\">Vous d\u00e9couvrirez le Registre&nbsp;:<\/h5>\n\n\n\n<p>Ses finalit\u00e9s, son fonctionnement et quelques-uns de ses acteurs et de ses partenaires.<br>Et plus encore&#8230; les enjeux qu\u2019il contribue \u00e0 mieux d\u00e9finir \u00e0 travers des chiffres cl\u00e9s qui quantifient l\u2019ins\u00e9curit\u00e9 routi\u00e8re.<\/p>\n\n\n\n<figure class=\"wp-block-embed is-type-video is-provider-youtube wp-block-embed-youtube wp-embed-aspect-16-9 wp-has-aspect-ratio\"><div class=\"wp-block-embed__wrapper\">\n<iframe loading=\"lazy\" title=\"Registre du Rh\u00f4ne : \u00ab\u00a0Mieux conna\u00eetre pour mieux pr\u00e9venir\u00a0\u00bb\" width=\"840\" height=\"473\" src=\"https:\/\/www.youtube.com\/embed\/onVxpEx4KYU?feature=oembed\" frameborder=\"0\" allow=\"accelerometer; autoplay; clipboard-write; encrypted-media; gyroscope; picture-in-picture; web-share\" referrerpolicy=\"strict-origin-when-cross-origin\" allowfullscreen><\/iframe>\n<\/div><\/figure>\n\n\n\n<p>Ainsi que sa version courte<\/p>\n\n\n\n<figure class=\"wp-block-embed is-type-video is-provider-youtube wp-block-embed-youtube wp-embed-aspect-16-9 wp-has-aspect-ratio\"><div class=\"wp-block-embed__wrapper\">\n<iframe loading=\"lazy\" title=\"Teaser : &quot;Mieux conna\u00eetre pour mieux pr\u00e9venir&quot;\" width=\"840\" height=\"473\" src=\"https:\/\/www.youtube.com\/embed\/nmbq_Mzusk8?feature=oembed\" frameborder=\"0\" allow=\"accelerometer; autoplay; clipboard-write; encrypted-media; gyroscope; picture-in-picture; web-share\" referrerpolicy=\"strict-origin-when-cross-origin\" allowfullscreen><\/iframe>\n<\/div><\/figure>\n","protected":false},"excerpt":{"rendered":"<p>Nous avons le plaisir de vous pr\u00e9senter la vid\u00e9o du Registre&nbsp;: \u00ab Mieux conna\u00eetre pour mieux pr\u00e9venir&nbsp;\u00bb Vous d\u00e9couvrirez le Registre&nbsp;: Ses finalit\u00e9s, son fonctionnement et quelques-uns de ses acteurs et de ses partenaires.Et plus encore&#8230; les enjeux qu\u2019il contribue &hellip; <\/p>\n","protected":false},"author":3,"featured_media":0,"parent":0,"menu_order":0,"comment_status":"closed","ping_status":"closed","template":"","meta":{"footnotes":""},"class_list":["post-2477","page","type-page","status-publish","hentry","latest_post"],"_links":{"self":[{"href":"https:\/\/www.revarrhone.org\/index.php\/wp-json\/wp\/v2\/pages\/2477","targetHints":{"allow":["GET"]}}],"collection":[{"href":"https:\/\/www.revarrhone.org\/index.php\/wp-json\/wp\/v2\/pages"}],"about":[{"href":"https:\/\/www.revarrhone.org\/index.php\/wp-json\/wp\/v2\/types\/page"}],"author":[{"embeddable":true,"href":"https:\/\/www.revarrhone.org\/index.php\/wp-json\/wp\/v2\/users\/3"}],"replies":[{"embeddable":true,"href":"https:\/\/www.revarrhone.org\/index.php\/wp-json\/wp\/v2\/comments?post=2477"}],"version-history":[{"count":15,"href":"https:\/\/www.revarrhone.org\/index.php\/wp-json\/wp\/v2\/pages\/2477\/revisions"}],"predecessor-version":[{"id":2561,"href":"https:\/\/www.revarrhone.org\/index.php\/wp-json\/wp\/v2\/pages\/2477\/revisions\/2561"}],"wp:attachment":[{"href":"https:\/\/www.revarrhone.org\/index.php\/wp-json\/wp\/v2\/media?parent=2477"}],"curies":[{"name":"wp","href":"https:\/\/api.w.org\/{rel}","templated":true}]}}