{"id":1481,"date":"2023-02-01T11:05:49","date_gmt":"2023-02-01T10:05:49","guid":{"rendered":"http:\/\/wordpress.localhost\/?page_id=1481"},"modified":"2026-03-30T16:51:19","modified_gmt":"2026-03-30T14:51:19","slug":"rapport-annuel-dactivite","status":"publish","type":"page","link":"https:\/\/www.revarrhone.org\/index.php\/rapport-annuel-dactivite\/","title":{"rendered":"Rapport annuel d&rsquo;activit\u00e9"},"content":{"rendered":"\n<div class=\"wp-block-columns is-layout-flex wp-container-core-columns-is-layout-9d6595d7 wp-block-columns-is-layout-flex\">\n<div class=\"wp-block-column is-layout-flow wp-block-column-is-layout-flow\" style=\"flex-basis:16%\"><nav style=\"background-color: #dfdcdc;\" class=\"has-text-color has-black-color has-background has-small-font-size is-responsive wp-block-navigation is-layout-flex wp-block-navigation-is-layout-flex\" aria-label=\"Resultats\" \n\t\t data-wp-interactive=\"core\/navigation\" data-wp-context='{\"overlayOpenedBy\":{\"click\":false,\"hover\":false,\"focus\":false},\"type\":\"overlay\",\"roleAttribute\":\"\",\"ariaLabel\":\"Menu\"}'><button aria-haspopup=\"dialog\" aria-label=\"Ouvrir le menu\" class=\"wp-block-navigation__responsive-container-open\" \n\t\t\t\tdata-wp-on--click=\"actions.openMenuOnClick\"\n\t\t\t\tdata-wp-on--keydown=\"actions.handleMenuKeydown\"\n\t\t\t><svg width=\"24\" height=\"24\" xmlns=\"http:\/\/www.w3.org\/2000\/svg\" viewBox=\"0 0 24 24\" aria-hidden=\"true\" focusable=\"false\"><path d=\"M4 7.5h16v1.5H4z\"><\/path><path d=\"M4 15h16v1.5H4z\"><\/path><\/svg><\/button>\n\t\t\t\t<div class=\"wp-block-navigation__responsive-container\"  id=\"modal-1\" \n\t\t\t\tdata-wp-class--has-modal-open=\"state.isMenuOpen\"\n\t\t\t\tdata-wp-class--is-menu-open=\"state.isMenuOpen\"\n\t\t\t\tdata-wp-watch=\"callbacks.initMenu\"\n\t\t\t\tdata-wp-on--keydown=\"actions.handleMenuKeydown\"\n\t\t\t\tdata-wp-on--focusout=\"actions.handleMenuFocusout\"\n\t\t\t\ttabindex=\"-1\"\n\t\t\t>\n\t\t\t\t\t<div class=\"wp-block-navigation__responsive-close\" tabindex=\"-1\">\n\t\t\t\t\t\t<div class=\"wp-block-navigation__responsive-dialog\" \n\t\t\t\tdata-wp-bind--aria-modal=\"state.ariaModal\"\n\t\t\t\tdata-wp-bind--aria-label=\"state.ariaLabel\"\n\t\t\t\tdata-wp-bind--role=\"state.roleAttribute\"\n\t\t\t>\n\t\t\t\t\t\t\t<button aria-label=\"Fermer le menu\" class=\"wp-block-navigation__responsive-container-close\" \n\t\t\t\tdata-wp-on--click=\"actions.closeMenuOnClick\"\n\t\t\t><svg xmlns=\"http:\/\/www.w3.org\/2000\/svg\" viewBox=\"0 0 24 24\" width=\"24\" height=\"24\" aria-hidden=\"true\" focusable=\"false\"><path d=\"m13.06 12 6.47-6.47-1.06-1.06L12 10.94 5.53 4.47 4.47 5.53 10.94 12l-6.47 6.47 1.06 1.06L12 13.06l6.47 6.47 1.06-1.06L13.06 12Z\"><\/path><\/svg><\/button>\n\t\t\t\t\t\t\t<div class=\"wp-block-navigation__responsive-container-content\" \n\t\t\t\tdata-wp-watch=\"callbacks.focusFirstElement\"\n\t\t\t id=\"modal-1-content\">\n\t\t\t\t\t\t\t\t<ul style=\"background-color: #dfdcdc;\" class=\"wp-block-navigation__container has-text-color has-black-color has-background has-small-font-size is-responsive wp-block-navigation has-small-font-size\"><li class=\"has-small-font-size wp-block-navigation-item wp-block-navigation-link\"><a class=\"wp-block-navigation-item__content\"  href=\"https:\/\/www.revarrhone.org\/index.php\/rapport-annuel-dactivite\/\"><span class=\"wp-block-navigation-item__label\"><strong>Rapport annuel d\u2019activit\u00e9<\/strong><\/span><\/a><\/li><li class=\"has-small-font-size wp-block-navigation-item wp-block-navigation-link\"><a class=\"wp-block-navigation-item__content\"  href=\"https:\/\/www.revarrhone.org\/index.php\/consequences-des-accidents-de-la-route-sur-la-sante\/\"><span class=\"wp-block-navigation-item__label\">Bilan annuel de l\u2019Onisr<\/span><\/a><\/li><\/ul>\n\t\t\t\t\t\t\t<\/div>\n\t\t\t\t\t\t<\/div>\n\t\t\t\t\t<\/div>\n\t\t\t\t<\/div><\/nav><\/div>\n\n\n\n<div class=\"wp-block-column is-layout-flow wp-block-column-is-layout-flow\" style=\"flex-basis:66.66%\">\n<p>Un rapport d\u2019activit\u00e9 du Registre est \u00e9dit\u00e9 chaque ann\u00e9e pr\u00e9sentant&nbsp;:<\/p>\n\n\n\n<ul class=\"wp-block-list\">\n<li>un rappel du fonctionnement du Registre,<\/li>\n\n\n\n<li>les r\u00e9sultats acquis au cours de l\u2019ann\u00e9e,<\/li>\n\n\n\n<li>les \u00e9tudes en cours, les projets et perspectives.<\/li>\n<\/ul>\n\n\n\n<hr class=\"wp-block-separator has-text-color has-cyan-bluish-gray-color has-alpha-channel-opacity has-cyan-bluish-gray-background-color has-background\"\/>\n\n\n\n<h4 class=\"wp-block-heading\">Nouveau :<\/h4>\n\n\n\n<div class=\"wp-block-file\"><a id=\"wp-block-file--media-bd9715de-ded2-45d1-b907-336f3cc7f0c4\" href=\"https:\/\/www.revarrhone.org\/wp-content\/uploads\/2025\/08\/Registre-du-Rhone-Bilan-Annee-2021.pdf\" target=\"_blank\" rel=\"noreferrer noopener\">Rapport d&rsquo;activit\u00e9 2021<\/a><a href=\"https:\/\/www.revarrhone.org\/wp-content\/uploads\/2025\/08\/Registre-du-Rhone-Bilan-Annee-2021.pdf\" class=\"wp-block-file__button wp-element-button\" download aria-describedby=\"wp-block-file--media-bd9715de-ded2-45d1-b907-336f3cc7f0c4\">T\u00e9l\u00e9charger<\/a><\/div>\n\n\n\n<h4 class=\"wp-block-heading\">Archives :<\/h4>\n\n\n\n<div class=\"wp-block-file\"><a id=\"wp-block-file--media-276b438b-02e9-4577-b32e-3b35dc3d8cc3\" href=\"https:\/\/www.revarrhone.org\/wp-content\/uploads\/2023\/02\/RegistreRapportActivite2019.pdf\" target=\"_blank\" rel=\"noreferrer noopener\">Rapport d&rsquo;activit\u00e9 2019<\/a><a href=\"https:\/\/www.revarrhone.org\/wp-content\/uploads\/2023\/02\/RegistreRapportActivite2019.pdf\" class=\"wp-block-file__button wp-element-button\" download aria-describedby=\"wp-block-file--media-276b438b-02e9-4577-b32e-3b35dc3d8cc3\">T\u00e9l\u00e9charger<\/a><\/div>\n\n\n\n<div class=\"wp-block-file\"><a id=\"wp-block-file--media-21f8bf52-96c3-4e46-b305-9ed83db3db16\" href=\"https:\/\/www.revarrhone.org\/wp-content\/uploads\/2023\/02\/RegistreRapportActivite2018.pdf\" target=\"_blank\" rel=\"noreferrer noopener\">Rapport d&rsquo;activit\u00e9 2018<\/a><a href=\"https:\/\/www.revarrhone.org\/wp-content\/uploads\/2023\/02\/RegistreRapportActivite2018.pdf\" class=\"wp-block-file__button wp-element-button\" download aria-describedby=\"wp-block-file--media-21f8bf52-96c3-4e46-b305-9ed83db3db16\">T\u00e9l\u00e9charger<\/a><\/div>\n\n\n\n<div class=\"wp-block-file\"><a id=\"wp-block-file--media-0eb942a3-746c-4336-bc58-2a8520e885d5\" href=\"https:\/\/www.revarrhone.org\/wp-content\/uploads\/2023\/02\/RegistreRapportActivite2017.pdf\" target=\"_blank\" rel=\"noreferrer noopener\">Rapport d&rsquo;activit\u00e9 2017<\/a><a href=\"https:\/\/www.revarrhone.org\/wp-content\/uploads\/2023\/02\/RegistreRapportActivite2017.pdf\" class=\"wp-block-file__button wp-element-button\" download aria-describedby=\"wp-block-file--media-0eb942a3-746c-4336-bc58-2a8520e885d5\">T\u00e9l\u00e9charger<\/a><\/div>\n\n\n\n<div class=\"wp-block-file\"><a id=\"wp-block-file--media-948fbd7d-280f-4d6e-b2ec-ad35e893624a\" href=\"https:\/\/www.revarrhone.org\/wp-content\/uploads\/2023\/02\/RegistreRapportActivite2016.pdf\">Rapport d&rsquo;activit\u00e9 2016<\/a><a href=\"https:\/\/www.revarrhone.org\/wp-content\/uploads\/2023\/02\/RegistreRapportActivite2016.pdf\" class=\"wp-block-file__button wp-element-button\" download aria-describedby=\"wp-block-file--media-948fbd7d-280f-4d6e-b2ec-ad35e893624a\">T\u00e9l\u00e9charger<\/a><\/div>\n\n\n\n<div class=\"wp-block-file\"><a id=\"wp-block-file--media-b9e14f4c-64f5-45fc-a9df-4f134869a4cb\" href=\"https:\/\/www.revarrhone.org\/wp-content\/uploads\/2023\/02\/RegistreRapportActivite2015.pdf\" target=\"_blank\" rel=\"noreferrer noopener\">Rapport d&rsquo;activit\u00e9 2015<\/a><a href=\"https:\/\/www.revarrhone.org\/wp-content\/uploads\/2023\/02\/RegistreRapportActivite2015.pdf\" class=\"wp-block-file__button wp-element-button\" download aria-describedby=\"wp-block-file--media-b9e14f4c-64f5-45fc-a9df-4f134869a4cb\">T\u00e9l\u00e9charger<\/a><\/div>\n\n\n\n<div class=\"wp-block-file\"><a id=\"wp-block-file--media-87ee8cfb-6cd9-44e3-9875-540c4517dd92\" href=\"https:\/\/www.revarrhone.org\/wp-content\/uploads\/2023\/02\/RegistreRapportActivite2014.pdf\" target=\"_blank\" rel=\"noreferrer noopener\">Rapport d&rsquo;activit\u00e9 2014<\/a><a href=\"https:\/\/www.revarrhone.org\/wp-content\/uploads\/2023\/02\/RegistreRapportActivite2014.pdf\" class=\"wp-block-file__button wp-element-button\" download aria-describedby=\"wp-block-file--media-87ee8cfb-6cd9-44e3-9875-540c4517dd92\">T\u00e9l\u00e9charger<\/a><\/div>\n\n\n\n<div class=\"wp-block-file\"><a id=\"wp-block-file--media-ca764d6d-a3d2-4ea5-bfac-d8bfb97c8cfb\" href=\"https:\/\/www.revarrhone.org\/wp-content\/uploads\/2023\/02\/RegistreRapportActivite2013.pdf\" target=\"_blank\" rel=\"noreferrer noopener\">Rapport d&rsquo;activit\u00e9 2013<\/a><a href=\"https:\/\/www.revarrhone.org\/wp-content\/uploads\/2023\/02\/RegistreRapportActivite2013.pdf\" class=\"wp-block-file__button wp-element-button\" download aria-describedby=\"wp-block-file--media-ca764d6d-a3d2-4ea5-bfac-d8bfb97c8cfb\">T\u00e9l\u00e9charger<\/a><\/div>\n\n\n\n<div class=\"wp-block-file\"><a id=\"wp-block-file--media-05d5faa7-69d0-4d01-95b7-88d8c7357a26\" href=\"https:\/\/www.revarrhone.org\/wp-content\/uploads\/2023\/02\/RegistreRapportActivite2012.pdf\" target=\"_blank\" rel=\"noreferrer noopener\">Rapport d&rsquo;activit\u00e9 2012<\/a><a href=\"https:\/\/www.revarrhone.org\/wp-content\/uploads\/2023\/02\/RegistreRapportActivite2012.pdf\" class=\"wp-block-file__button wp-element-button\" download aria-describedby=\"wp-block-file--media-05d5faa7-69d0-4d01-95b7-88d8c7357a26\">T\u00e9l\u00e9charger<\/a><\/div>\n<\/div>\n<\/div>\n","protected":false},"excerpt":{"rendered":"<p>Un rapport d\u2019activit\u00e9 du Registre est \u00e9dit\u00e9 chaque ann\u00e9e pr\u00e9sentant&nbsp;: Nouveau : Archives :<\/p>\n","protected":false},"author":1,"featured_media":0,"parent":0,"menu_order":0,"comment_status":"closed","ping_status":"closed","template":"","meta":{"footnotes":""},"class_list":["post-1481","page","type-page","status-publish","hentry","latest_post"],"_links":{"self":[{"href":"https:\/\/www.revarrhone.org\/index.php\/wp-json\/wp\/v2\/pages\/1481","targetHints":{"allow":["GET"]}}],"collection":[{"href":"https:\/\/www.revarrhone.org\/index.php\/wp-json\/wp\/v2\/pages"}],"about":[{"href":"https:\/\/www.revarrhone.org\/index.php\/wp-json\/wp\/v2\/types\/page"}],"author":[{"embeddable":true,"href":"https:\/\/www.revarrhone.org\/index.php\/wp-json\/wp\/v2\/users\/1"}],"replies":[{"embeddable":true,"href":"https:\/\/www.revarrhone.org\/index.php\/wp-json\/wp\/v2\/comments?post=1481"}],"version-history":[{"count":39,"href":"https:\/\/www.revarrhone.org\/index.php\/wp-json\/wp\/v2\/pages\/1481\/revisions"}],"predecessor-version":[{"id":2555,"href":"https:\/\/www.revarrhone.org\/index.php\/wp-json\/wp\/v2\/pages\/1481\/revisions\/2555"}],"wp:attachment":[{"href":"https:\/\/www.revarrhone.org\/index.php\/wp-json\/wp\/v2\/media?parent=1481"}],"curies":[{"name":"wp","href":"https:\/\/api.w.org\/{rel}","templated":true}]}}