{"id":108,"date":"2022-11-24T17:03:35","date_gmt":"2022-11-24T16:03:35","guid":{"rendered":"http:\/\/wordpress.localhost\/?page_id=108"},"modified":"2024-02-06T16:53:32","modified_gmt":"2024-02-06T15:53:32","slug":"remerciements","status":"publish","type":"page","link":"https:\/\/www.revarrhone.org\/index.php\/remerciements\/","title":{"rendered":"Remerciements"},"content":{"rendered":"\n<p>Nous tenons \u00e0 remercier toutes les personnes qui ont particip\u00e9 au recueil ou \u00e0 l\u2019informatisation des donn\u00e9es, pour l\u2019Association pour le Registre des Victimes d\u2019Accidents de la Circulation du Rh\u00f4ne (ARVAC : pr\u00e9sident E.\u00a0Javouhey) et l\u2019Universit\u00e9 Gustave Eiffel-TS2-UMRESTTE (B.\u00a0Laumon, responsable scientifique du Registre, A.\u00a0Ndiaye, coordinatrice m\u00e9dicale du Registre et B.\u00a0Gadegbeku, responsable administrative du Registre)\u00a0: Agier\u00a0L, Ait\u00a0Idir\u00a0T, Ait\u00a0Si\u00a0Selmi\u00a0T, Alloatti\u00a0D, Amoros\u00a0E, Andrillat\u00a0M, Aouni\u00a0A, Artru\u00a0F, Asencio\u00a0Y, Assossou\u00a0I, Auzaneau\u00a0F, Bag\u00e8s-Limoges\u00a0F, Bagou\u00a0G, Ballout\u00a0N, Balogh\u00a0C, Banssillon\u00a0G\u2020, Banssillon\u00a0V, Barraco\u00a0S, Barnier\u00a0N, Barth\u00a0X, Basset\u00a0M, Bas\u00a0Wolniczak\u00a0C, Beaudry\u00a0E, Bec\u00a0JF, Bejui\u00a0J, Bel\u00a0JC, Belhadj\u00a0A, B\u00e9rard\u00a0E, B\u00e9rard\u00a0J, Bergeron\u00a0I, Bernard\u00a0JC, Berthet\u00a0N, Bertrand\u00a0JC, Besacier\u00a0Y, Besson\u00a0L, Bigot\u00a0AM, Biot\u00a0B, Biot\u00a0V, Blache\u00a0D, Blanc\u00a0C, Blanchard\u00a0J, Blum\u00a0O, B\u0153uf\u00a0C, Boissier\u00a0G, Boisson\u00a0D, Bonjean\u00a0M, Bost\u00a0J, Bouchedor\u00a0C, Bouffet\u00a0T, Boughatene\u00a0B, Bouletreau\u00a0P, Boyer\u00a0M, Boyer\u00a0V, Breda\u00a0Y, Bregeron\u00a0I, Brilland\u00a0R, Brodsky\u00a0D, Bussery\u00a0S, Cabet\u00a0N, Caillot\u00a0L, Caillot\u00a0JL\u2020, Cannamela\u00a0A, Caregnato\u00a0B, Caramelle\u00a0F, Carpentier\u00a0C, Carre\u00a0M, Catala\u00a0Y, Cellier\u00a0 S, Chagnon\u00a0PY, Chambon\u00a0C, Chambost\u00a0M, Chantran\u00a0C, Chapuis\u00a0P, Chapuy\u00a0P, Charbotel\u00a0B, Chardon\u00a0P, Charnay\u00a0P, Chatelain\u00a0P, Chattard\u00a0S, Chaudier\u00a0P, Chauvin\u00a0F, Chavane\u00a0H, Chazot\u00a0G, Chenani\u00a0M, Chettouane\u00a0I, Chevreton\u00a0N, Chevrillon\u00a0E, Chevrillon\u00a0S, Chiron\u00a0M\u2020, Chotel\u00a0P, Cochard\u00a0P, Comarmond\u00a0M, Combe\u00a0C, Comte\u00a0G, Contamin\u00a0B, Coppard\u00a0E, Cot\u00a0T, Coutagnieux\u00a0A, Crettenet\u00a0Z, Cristini\u00a0A, Cunin\u00a0V, Danella\u2011Marguiron\u00a0C, Dailler\u00a0F, Dal\u00a0Gobbo\u00a0B, Da\u00a0Silva\u00a0F, David\u00a0JS, Deal\u00a0MH, De\u00a0Angelis\u00a0MP, Debrisay\u00a0MC, Decourt\u00a0L, Degrange\u00a0P, Dejour\u00a0H\u2020, Delfosse\u00a0A, Deinite\u00a0G, Demangel\u00a0N\u2020, Demazi\u00e8re\u00a0J, Dementin\u00a0S, Deruty\u00a0R, Desjardins\u00a0G, Devaux\u00a0J, Dewhurst\u00a0N, Dohin\u00a0B, Douplat\u00a0M, Drevet\u00a0S, Drouet\u00a0A, Du\u00a0Besset\u00a0M, Dubost\u00a0N, Ducreux\u00a0B, Ducrozet\u00a0P, Dufour\u00a0A, Dumortier\u00a0C, El\u00a0Khoury\u00a0C, Emonet\u00a0A, Emirkhanian\u00a0V, Escarment\u00a0J, Evrard\u00a0AS, Eyssette\u00a0M, Fallavier\u00a0L, Fanton\u00a0L, Farizon\u00a0F, Felten\u00a0D, Feugere\u00a0S, Feuglet\u00a0P\u2020, Fifis\u00a0N, Figura\u00a0J, Fisher\u00a0G, Fischer\u00a0LP, Floccard\u00a0B, Floret\u00a0D, Fournier\u00a0G, Fraisse\u00a0P, Franchi\u00a0A, Fredenucci\u00a0JF, Freidel\u00a0M, Fuster\u00a0P, Gagneux\u00a0C, Galin\u00a0L, Gaillard\u00a0P, Gallon\u00a0M, Garnier\u00a0N, Garzanti\u00a0A, Gaussorgues\u00a0P, Gautheron\u00a0V, Genevrier\u00a0M, Gibaud\u00a0F, Gillet\u00a0Y, Gilly\u00a0F, Girard\u00a0A, Godin\u00a0S, Goubsky\u00a0A, Gougne\u00a0M, Granger\u00a0M, Grattard\u00a0P, Gueugniaud\u00a0PY, Guenot\u00a0C, Gu\u00e9rin\u00a0AC, Guerin\u00a0T, Guignand\u00a0M, Guillard\u00a0V, Guillaudon\u00a0C, Guillaum\u00e9e\u00a0F, Imbert\u00a0C, Haddak\u00a0M, Hamel\u00a0D, Haouas\u00a0T, Haro\u00a0J, Heckel\u00a0T, Hernu R, Herzberg\u00a0G, Hours\u00a0M, Ho\u2011Van\u2011Truc\u00a0P, Hugen-Schmitt\u00a0D, Humbert\u00a0C, Jacquelin\u00a0C, Jacquemard\u00a0C, Jault\u00a0V, Jouanneau\u00a0E, Joffre\u00a0T, Kheniche\u00a0F, Kohler\u00a0R, Labed\u00a0H, Lablanche\u00a0C, Lafont\u00a0S, Lagier\u00a0C, Lapierre\u00a0B, Laplace\u00a0MC, La\u00a0Rosa\u00a0C, Lassaigne\u00a0M, Laurent\u00a0R, Lebel\u00a0M, Leblay\u00a0G, Leroy\u00a0C, Le\u2011Xuan\u00a0I, Lieutaud\u00a0T, Lille\u00a0R, Linn\u00e9\u00a0M, Lorge\u00a0S, Louboutin\u00a0L, Luaut\u00e9\u00a0J, Lucas\u00a0R, Lukaszewich\u00a0A, Machin\u00a0B, Maiello\u00a0E, Malicier\u00a0D, Maltese\u00a0S, Mangola\u00a0B, Marcotte\u00a0G, Marduel\u00a0YN, Marie\u2011Catherine\u00a0M, Martin\u00a0JL, Martin\u00a0YN, Martinand\u00a0G, Marty\u00a0F, Matricon\u00a0P, Mazouzi\u00a0S\u2020, Melaine\u00a0R, Menard\u00a0B, Messikh\u00a0C, Meyer\u00a0F, Meyran\u00a0S, Mintsa\u2011Eya\u00a0C, Molard\u00a0S, Monchanin\u00a0C, Monneuse\u00a0O, Morel\u00a0G, Morel\u2011Chevillet\u00a0E, Moreno\u00a0S, Mioulet\u00a0E, Minjaud\u00a0F, Mokdadi\u00a0A, Mollet\u00a0C, Monnet\u00a0J, Moyen\u00a0B, Neidhart\u00a0JP, Ngandu\u00a0E, Numa\u00a0R, Ny\u00a0S, Ollagnier\u00a0F, Ould\u00a0T, Paget\u00a0P, Paillot\u00a0JC, Paquet\u00a0L, Paris\u00a0D, Passot\u00a0G, Patay\u00a0B, Pauget\u00a0P, Peillon\u00a0D, Perrin\u00a0G, Perrin-Blondeau\u00a0D, Perrot\u00a0C, Petit\u00a0P, Phelip\u00a0H, Picaud\u00a0S, Pinelli\u00a0E, Paparel\u00a0P, Piriou\u00a0V, Piton\u00a0JL, Plantier\u00a0M, Pornon\u00a0P, Potinet\u2011Pagliaroli\u00a0V, Pramayon\u00a0C, Quelard\u00a0B, Rakaa\u00a0A, Raquin\u00a0L, Ramdani\u00a0E, Remy\u00a0C, Rerbal\u00a0D, Rezig\u00a0M, Rhida\u00a0Z, Ricard\u00a0A, Richard\u00a0A, Rigal\u00a0F, Rimmel\u00e9\u00a0T, Robert\u00a0D, Robinet\u00a0F, Rode\u00a0G, Romanet\u00a0JP, Rongieras\u00a0F, Roset\u00a0C, Rousson\u00a0A, Roussouli\u00a0P, Roux\u00a0H, Roux\u00a0S, Ruhl\u00a0C, Salamand\u00a0J, Salord\u00a0F, Sametzky\u00a0P, Sayegh\u00a0K, Sayous\u00a0P, Sbraire\u00a0N, Scappaticci\u00a0N, Schiele\u00a0P, Schneider\u00a0M, Simonet\u00a0C, Sigal\u00a0A, Sindou\u00a0M, Soldner\u00a0R, Soudain\u00a0M, Stagnara\u00a0J, Stamm\u00a0D, Streiff\u00a0R, Suc\u00a0B, Supernant\u00a0K, Tardy\u00a0H, Tasseau\u00a0F, Taty\u00a0M, Taveau\u00a0G, Tazarourte\u00a0K, Tell\u00a0L, Theurey\u00a0O, Thievon\u00a0R, Thomas\u00a0M, Tilhet\u2011Coartet\u00a0S, Tissot\u00a0E, Toukou\u00a0JC, Trifot\u00a0M, Tronc\u00a0F, Vallee\u00a0B, Vallet\u00a0G, Vancuyck\u00a0A, Vergnes\u00a0I, Vernet\u00a0C, Verney\u00a0MP, Viallon\u00a0A, Viste\u00a0A, Voiglio\u00a0EJ, Vourey\u00a0G, Vuillard\u00a0J, Westphal\u00a0M, Willemen\u00a0L\u2020.<\/p>\n\n\n\n<p>Nous remercions \u00e9galement le Cr\u00e9dit Mutuel pour son soutien financier \u00e0 la r\u00e9alisation de ce site, plus particuli\u00e8rement l\u2019Agence d\u2019Oullins.<\/p>\n","protected":false},"excerpt":{"rendered":"<p>Nous tenons \u00e0 remercier toutes les personnes qui ont particip\u00e9 au recueil ou \u00e0 l\u2019informatisation des donn\u00e9es, pour l\u2019Association pour le Registre des Victimes d\u2019Accidents de la Circulation du Rh\u00f4ne (ARVAC : pr\u00e9sident E.\u00a0Javouhey) et l\u2019Universit\u00e9 Gustave Eiffel-TS2-UMRESTTE (B.\u00a0Laumon, responsable &hellip; <\/p>\n","protected":false},"author":1,"featured_media":0,"parent":0,"menu_order":0,"comment_status":"closed","ping_status":"closed","template":"","meta":{"footnotes":""},"class_list":["post-108","page","type-page","status-publish","hentry","latest_post"],"_links":{"self":[{"href":"https:\/\/www.revarrhone.org\/index.php\/wp-json\/wp\/v2\/pages\/108","targetHints":{"allow":["GET"]}}],"collection":[{"href":"https:\/\/www.revarrhone.org\/index.php\/wp-json\/wp\/v2\/pages"}],"about":[{"href":"https:\/\/www.revarrhone.org\/index.php\/wp-json\/wp\/v2\/types\/page"}],"author":[{"embeddable":true,"href":"https:\/\/www.revarrhone.org\/index.php\/wp-json\/wp\/v2\/users\/1"}],"replies":[{"embeddable":true,"href":"https:\/\/www.revarrhone.org\/index.php\/wp-json\/wp\/v2\/comments?post=108"}],"version-history":[{"count":4,"href":"https:\/\/www.revarrhone.org\/index.php\/wp-json\/wp\/v2\/pages\/108\/revisions"}],"predecessor-version":[{"id":2315,"href":"https:\/\/www.revarrhone.org\/index.php\/wp-json\/wp\/v2\/pages\/108\/revisions\/2315"}],"wp:attachment":[{"href":"https:\/\/www.revarrhone.org\/index.php\/wp-json\/wp\/v2\/media?parent=108"}],"curies":[{"name":"wp","href":"https:\/\/api.w.org\/{rel}","templated":true}]}}